{"id":2,"date":"2019-07-11T00:58:52","date_gmt":"2019-07-10T22:58:52","guid":{"rendered":"https:\/\/jjrtalleres.com\/?page_id=2"},"modified":"2023-12-11T19:32:08","modified_gmt":"2023-12-11T18:32:08","slug":"pagina-ejemplo","status":"publish","type":"page","link":"https:\/\/jjrtalleres.com\/?page_id=2","title":{"rendered":"Inicio"},"content":{"rendered":"<p>[vc_row full_width=\u00bbtrue\u00bb][vc_column][vc_column_text]\n\n<link rel='stylesheet' href='https:\/\/jjrtalleres.com\/wp-content\/uploads\/wow-slider-plugin\/4\/style.css' type='text\/css' media='all' \/>\n<!-- Name: bootstrap slider  -->\n\n<!-- Start WOWSlider.com BODY section -->\n<div id=\"wowslider-container4\">\n<div class=\"ws_images\"><ul>\n\t\t<li><img decoding=\"async\" src=\"https:\/\/jjrtalleres.com\/wp-content\/uploads\/wow-slider-plugin\/4\/images\/1a.jpg\" alt=\"1a\" title=\"1a\" id=\"wows4_0\"\/><\/li>\n\t\t<li><a href=\"http:\/\/wowslider.net\"><img decoding=\"async\" src=\"https:\/\/jjrtalleres.com\/wp-content\/uploads\/wow-slider-plugin\/4\/images\/2a.jpg\" alt=\"css slider\" title=\"2a\" id=\"wows4_1\"\/><\/a><\/li>\n\t\t<li><img decoding=\"async\" src=\"https:\/\/jjrtalleres.com\/wp-content\/uploads\/wow-slider-plugin\/4\/images\/3a.jpg\" alt=\"3a\" title=\"3a\" id=\"wows4_2\"\/><\/li>\n\t<\/ul><\/div>\n\t<div class=\"ws_bullets\"><div>\n\t\t<a href=\"#\" title=\"1a\"><span>1<\/span><\/a>\n\t\t<a href=\"#\" title=\"2a\"><span>2<\/span><\/a>\n\t\t<a href=\"#\" title=\"3a\"><span>3<\/span><\/a>\n\t<\/div><\/div><div class=\"ws_script\" style=\"position:absolute;left:-99%\"><a href=\"http:\/\/wowslider.net\">bootstrap slider<\/a> by WOWSlider.com v8.8m<\/div>\n\t<a href=\"#\" class=\"ws_frame\"><\/a>\n\t<div class=\"ws_shadow\"><\/div>\n<\/div>\n<!-- End WOWSlider.com BODY section -->\n\n\n<script type='text\/javascript' src='https:\/\/jjrtalleres.com\/wp-content\/uploads\/wow-slider-plugin\/4\/script.js'><\/script>\n\n[\/vc_column_text][\/vc_column][\/vc_row][vc_row bg_type=\u00bbbg_color\u00bb bg_override=\u00bbfull\u00bb bg_color_value=\u00bb#33ace0&#8243;][vc_column][vc_column_text]<\/p>\n<h2 style=\"text-align: center;\"><span style=\"color: #ffffff;\">Nosotros<\/span><\/h2>\n<p>[\/vc_column_text][dt_fancy_separator separator_color=\u00bbcustom\u00bb el_width=\u00bb50&#8243; custom_separator_color=\u00bb#ffffff\u00bb][vc_empty_space height=\u00bb10px\u00bb][dt_blog_scroller arrows=\u00bbdark\u00bb content_aligment=\u00bbcenter\u00bb show_excerpt=\u00bbtrue\u00bb category=\u00bbinicio,inicio2,inicio3&#8243;][vc_empty_space][\/vc_column][\/vc_row][vc_row bg_type=\u00bbimage\u00bb parallax_style=\u00bbvcpb-vz-jquery\u00bb bg_image_new=\u00bb36|https:\/\/jjrtalleres.com\/wp-content\/uploads\/2019\/07\/truck-trailer-on-the-road.png\u00bb bg_img_attach=\u00bbfixed\u00bb bg_override=\u00bbfull\u00bb][vc_column][vc_empty_space height=\u00bb60&#8243;][vc_column_text]<\/p>\n<h2 id=\"u952-2\" style=\"text-align: center;\"><span style=\"color: #ffffff;\">Contamos con 5 a\u00f1os de experiencia en reparaci\u00f3n y enderezado de tractocamiones.<\/span><\/h2>\n<p>[\/vc_column_text][vc_empty_space][vc_btn title=\u00bbContacto\u00bb style=\u00bboutline\u00bb align=\u00bbcenter\u00bb link=\u00bburl:https%3A%2F%2Fjjrtalleres.com%2Fcontacto%2F|title:Contacto|\u00bb][vc_empty_space height=\u00bb60px\u00bb][\/vc_column][\/vc_row][vc_row][vc_column][vc_empty_space height=\u00bb60&#8243;][vc_column_text]<\/p>\n<h2 id=\"u952-2\" style=\"text-align: center;\">Servicios<\/h2>\n<p>[\/vc_column_text][vc_empty_space][dt_blog_scroller arrows=\u00bbrectangular_accent\u00bb category=\u00bbservicios\u00bb][vc_empty_space height=\u00bb60px\u00bb][\/vc_column][\/vc_row][vc_row bg_type=\u00bbbg_color\u00bb bg_override=\u00bbfull\u00bb bg_color_value=\u00bb#35495d\u00bb][vc_column][vc_empty_space][vc_row_inner][vc_column_inner width=\u00bb1\/4&#8243;]<div id=\"ult-carousel-120090341669e4d63bc5e62\" class=\"ult-carousel-wrapper  ult_horizontal\" data-gutter=\"15\" data-rtl=\"false\" ><div class=\"ult-carousel-53587413669e4d63bc5d18 \" >[vc_single_image image=\u00bb53&#8243; img_size=\u00bbmedium\u00bb alignment=\u00bbcenter\u00bb][vc_single_image image=\u00bb50&#8243; img_size=\u00bbmedium\u00bb alignment=\u00bbcenter\u00bb][vc_single_image image=\u00bb49&#8243; img_size=\u00bbmedium\u00bb alignment=\u00bbcenter\u00bb][vc_single_image image=\u00bb48&#8243; img_size=\u00bbmedium\u00bb alignment=\u00bbcenter\u00bb]<\/div><\/div>            <script type=\"text\/javascript\">\n\t\t\t\tjQuery(document).ready(function($){\n               \t\t$('.ult-carousel-53587413669e4d63bc5d18').slick({dots: true,autoplay: true,autoplaySpeed: 5000,speed: 300,infinite: true,arrows: true,nextArrow: '<button type=\"button\" style=\"color:#ffffff; font-size:20px;\" class=\"slick-next default\"><i class=\"ultsl-arrow-right4\"><\/i><\/button>',prevArrow: '<button type=\"button\" style=\"color:#ffffff; font-size:20px;\" class=\"slick-prev default\"><i class=\"ultsl-arrow-left4\"><\/i><\/button>',slidesToScroll:1,slidesToShow:1,swipe: true,draggable: true,touchMove: true,responsive: [\n\t\t\t\t\t\t\t{\n\t\t\t\t\t\t\t  breakpoint: 1025,\n\t\t\t\t\t\t\t  settings: {\n\t\t\t\t\t\t\t\tslidesToShow: 1,\n\t\t\t\t\t\t\t\tslidesToScroll: 1,  \n\t\t\t\t\t\t\t  }\n\t\t\t\t\t\t\t},\n\t\t\t\t\t\t\t{\n\t\t\t\t\t\t\t  breakpoint: 769,\n\t\t\t\t\t\t\t  settings: {\n\t\t\t\t\t\t\t\tslidesToShow: 1,\n\t\t\t\t\t\t\t\tslidesToScroll: 1\n\t\t\t\t\t\t\t  }\n\t\t\t\t\t\t\t},\n\t\t\t\t\t\t\t{\n\t\t\t\t\t\t\t  breakpoint: 481,\n\t\t\t\t\t\t\t  settings: {\n\t\t\t\t\t\t\t\tslidesToShow: 1,\n\t\t\t\t\t\t\t\tslidesToScroll: 1\n\t\t\t\t\t\t\t  }\n\t\t\t\t\t\t\t}\n\t\t\t\t\t\t],pauseOnHover: true,\n\t\t\t\t\t\tpauseOnDotsHover: true,customPaging: function(slider, i) {\n                   return '<i type=\"button\" style=\"color:#333333;\" class=\"ultsl-record\" data-role=\"none\"><\/i>';\n                },});\n\t\t\t\t});\n\t\t\t<\/script>\n            [\/vc_column_inner][vc_column_inner width=\u00bb1\/4&#8243;][vc_column_text]<\/p>\n<h3 style=\"text-align: center;\"><span style=\"color: #ffffff;\">Ubicaci\u00f3n<\/span><\/h3>\n<p>[\/vc_column_text][dt_fancy_separator separator_color=\u00bbcustom\u00bb custom_separator_color=\u00bb#ffffff\u00bb][vc_column_text]<\/p>\n<div id=\"u725-4\" class=\"clearfix colelem\" data-ibe-flags=\"txtStyleSrc\">\n<h4 style=\"text-align: center;\"><span style=\"color: #ffffff;\">Matriz<\/span><\/h4>\n<\/div>\n<div id=\"u728-4\" class=\"clearfix colelem\" data-ibe-flags=\"txtStyleSrc\">\n<p style=\"text-align: center;\"><span style=\"color: #ffffff;\">Calle R\u00edo Verde #1401, Los G\u00f3mez, Soledad de Graciano S\u00e1nchez, S.L.P.<\/span><\/p>\n<\/div>\n<p>[\/vc_column_text][vc_gmaps link=\u00bb#E-8_JTNDaWZyYW1lJTIwc3JjJTNEJTIyaHR0cHMlM0ElMkYlMkZ3d3cuZ29vZ2xlLmNvbSUyRm1hcHMlMkZlbWJlZCUzRnBiJTNEJTIxMW0xNCUyMTFtOCUyMTFtMyUyMTFkMzY5NS4yNzEwNzY0Nzc5NDklMjEyZC0xMDAuODg4Mzk3OTA1OTIyNDclMjEzZDIyLjE1Mzc1MTE2ODYxMTY5NSUyMTNtMiUyMTFpMTAyNCUyMTJpNzY4JTIxNGYxMy4xJTIxM20zJTIxMW0yJTIxMXMweDg0MmFhNDAzYzBiZjdjZmQlMjUzQTB4NTMwN2E2ZDZhMjk3ZTY5MSUyMTJzQ2FsbGUlMkJSaW8lMkJWZXJkZSUyNTJDJTJCTG9zJTJCRyUyNUMzJTI1QjNtZXolMjUyQyUyQlMuTC5QLiUyNTJDJTJCTSUyNUMzJTI1QTl4aWNvJTIxNWUwJTIxM20yJTIxMXNlcy00MTklMjEyc3VzJTIxNHYxNTYyOTQzNjk0MjUzJTIxNW0yJTIxMXNlcy00MTklMjEyc3VzJTIyJTIwd2lkdGglM0QlMjI2MDAlMjIlMjBoZWlnaHQlM0QlMjI0NTAlMjIlMjBmcmFtZWJvcmRlciUzRCUyMjAlMjIlMjBzdHlsZSUzRCUyMmJvcmRlciUzQTAlMjIlMjBhbGxvd2Z1bGxzY3JlZW4lM0UlM0MlMkZpZnJhbWUlM0U=\u00bb size=\u00bb150&#8243;][\/vc_column_inner][vc_column_inner width=\u00bb1\/4&#8243;][vc_column_text]<\/p>\n<h3 style=\"text-align: center;\"><span style=\"color: #ffffff;\">Sucursales<\/span><\/h3>\n<p>[\/vc_column_text][dt_fancy_separator separator_color=\u00bbcustom\u00bb custom_separator_color=\u00bb#ffffff\u00bb][vc_column_text]<\/p>\n<div id=\"u725-4\" class=\"clearfix colelem\" data-ibe-flags=\"txtStyleSrc\">\n<h4 style=\"text-align: center;\"><span style=\"color: #ffffff;\">Irapuato<\/span><\/h4>\n<p style=\"text-align: center;\"><span style=\"color: #ffffff;\">Kil\u00f3metro 4.5 Carretera Irapuato Abasolo s\/n Purisima del Jard\u00edn, Irapuato 100 metros adelante de la carretera de cuota. Telefono: (444) 1019144<\/span><\/p>\n<\/div>\n<p>[\/vc_column_text][vc_column_text]<\/p>\n<div id=\"u725-4\" class=\"clearfix colelem\" data-ibe-flags=\"txtStyleSrc\">\n<h4 style=\"text-align: center;\"><span style=\"color: #ffffff;\">Laredo Texas<\/span><\/h4>\n<p style=\"text-align: center;\"><span style=\"color: #ffffff;\">Appaloosa #88 Rancho Pe\u00f1itas. T\u00e9lefono: (444) 101914419144<\/span><\/p>\n<\/div>\n<p>[\/vc_column_text][\/vc_column_inner][vc_column_inner width=\u00bb1\/4&#8243;][vc_column_text]<\/p>\n<h3 style=\"text-align: center;\"><span style=\"color: #ffffff;\">Compra venta de veh\u00edculos<\/span><\/h3>\n<p>[\/vc_column_text][dt_fancy_separator separator_color=\u00bbcustom\u00bb custom_separator_color=\u00bb#ffffff\u00bb][vc_column_text]<\/p>\n<div id=\"u725-4\" class=\"clearfix colelem\" data-ibe-flags=\"txtStyleSrc\">\n<h4 style=\"text-align: center;\"><span style=\"color: #ffffff;\">Automundo Jimesa<\/span><\/h4>\n<p style=\"text-align: center;\"><span style=\"color: #ffffff;\">Boulevard Jos\u00e9 Ma. Morelos #275 Interior #A Colonia Alfaro. Le\u00f3n, Guanajuato. Tel: (477) 2187898<\/span><\/p>\n<p style=\"text-align: center;\"><span style=\"color: #ffffff;\"><a class=\"nonblock\" style=\"color: #ffffff;\" href=\"http:\/\/vehiculos.mercadolibre.com.mx\/_CustId_225600533\">&gt;&gt;Revisa los vehiculos aqu\u00ed. &lt;&lt;<\/a><\/span><\/p>\n<\/div>\n<p>[\/vc_column_text][\/vc_column_inner][\/vc_row_inner][vc_empty_space][\/vc_column][\/vc_row][vc_row][vc_column][\/vc_column][\/vc_row]<\/p>\n","protected":false},"excerpt":{"rendered":"<p>[vc_row full_width=\u00bbtrue\u00bb][vc_column][vc_column_text][\/vc_column_text][\/vc_column][\/vc_row][vc_row bg_type=\u00bbbg_color\u00bb bg_override=\u00bbfull\u00bb bg_color_value=\u00bb#33ace0&#8243;][vc_column][vc_column_text] Nosotros [\/vc_column_text][dt_fancy_separator separator_color=\u00bbcustom\u00bb el_width=\u00bb50&#8243; custom_separator_color=\u00bb#ffffff\u00bb][vc_empty_space height=\u00bb10px\u00bb][dt_blog_scroller arrows=\u00bbdark\u00bb content_aligment=\u00bbcenter\u00bb show_excerpt=\u00bbtrue\u00bb category=\u00bbinicio,inicio2,inicio3&#8243;][vc_empty_space][\/vc_column][\/vc_row][vc_row bg_type=\u00bbimage\u00bb parallax_style=\u00bbvcpb-vz-jquery\u00bb bg_image_new=\u00bb36|https:\/\/jjrtalleres.com\/wp-content\/uploads\/2019\/07\/truck-trailer-on-the-road.png\u00bb bg_img_attach=\u00bbfixed\u00bb bg_override=\u00bbfull\u00bb][vc_column][vc_empty_space height=\u00bb60&#8243;][vc_column_text] Contamos con 5 a\u00f1os de experiencia en reparaci\u00f3n y enderezado de tractocamiones. [\/vc_column_text][vc_empty_space][vc_btn title=\u00bbContacto\u00bb style=\u00bboutline\u00bb align=\u00bbcenter\u00bb link=\u00bburl:https%3A%2F%2Fjjrtalleres.com%2Fcontacto%2F|title:Contacto|\u00bb][vc_empty_space height=\u00bb60px\u00bb][\/vc_column][\/vc_row][vc_row][vc_column][vc_empty_space height=\u00bb60&#8243;][vc_column_text] Servicios [\/vc_column_text][vc_empty_space][dt_blog_scroller arrows=\u00bbrectangular_accent\u00bb category=\u00bbservicios\u00bb][vc_empty_space height=\u00bb60px\u00bb][\/vc_column][\/vc_row][vc_row bg_type=\u00bbbg_color\u00bb bg_override=\u00bbfull\u00bb bg_color_value=\u00bb#35495d\u00bb][vc_column][vc_empty_space][vc_row_inner][vc_column_inner width=\u00bb1\/4&#8243;][\/vc_column_inner][vc_column_inner width=\u00bb1\/4&#8243;][vc_column_text] Ubicaci\u00f3n [\/vc_column_text][dt_fancy_separator separator_color=\u00bbcustom\u00bb custom_separator_color=\u00bb#ffffff\u00bb][vc_column_text] Matriz [&hellip;]<\/p>\n","protected":false},"author":1,"featured_media":0,"parent":0,"menu_order":0,"comment_status":"closed","ping_status":"open","template":"","meta":{"footnotes":""},"_links":{"self":[{"href":"https:\/\/jjrtalleres.com\/index.php?rest_route=\/wp\/v2\/pages\/2"}],"collection":[{"href":"https:\/\/jjrtalleres.com\/index.php?rest_route=\/wp\/v2\/pages"}],"about":[{"href":"https:\/\/jjrtalleres.com\/index.php?rest_route=\/wp\/v2\/types\/page"}],"author":[{"embeddable":true,"href":"https:\/\/jjrtalleres.com\/index.php?rest_route=\/wp\/v2\/users\/1"}],"replies":[{"embeddable":true,"href":"https:\/\/jjrtalleres.com\/index.php?rest_route=%2Fwp%2Fv2%2Fcomments&post=2"}],"version-history":[{"count":32,"href":"https:\/\/jjrtalleres.com\/index.php?rest_route=\/wp\/v2\/pages\/2\/revisions"}],"predecessor-version":[{"id":228,"href":"https:\/\/jjrtalleres.com\/index.php?rest_route=\/wp\/v2\/pages\/2\/revisions\/228"}],"wp:attachment":[{"href":"https:\/\/jjrtalleres.com\/index.php?rest_route=%2Fwp%2Fv2%2Fmedia&parent=2"}],"curies":[{"name":"wp","href":"https:\/\/api.w.org\/{rel}","templated":true}]}}